{"id":1803,"date":"2024-10-06T10:45:59","date_gmt":"2024-10-06T09:45:59","guid":{"rendered":"https:\/\/ellenadordecuenca.es\/?page_id=1803"},"modified":"2024-10-06T10:49:16","modified_gmt":"2024-10-06T09:49:16","slug":"politicas-de-privacidad","status":"publish","type":"page","link":"https:\/\/ellenadordecuenca.es\/en\/politicas-de-privacidad\/","title":{"rendered":"Politicas de privacidad"},"content":{"rendered":"<div data-elementor-type=\"wp-page\" data-elementor-id=\"1803\" class=\"elementor elementor-1803\" data-elementor-post-type=\"page\">\n\t\t\t\t\t\t<section class=\"elementor-section elementor-top-section elementor-element elementor-element-318b680 elementor-section-boxed elementor-section-height-default elementor-section-height-default wpr-particle-no wpr-jarallax-no wpr-parallax-no wpr-sticky-section-no\" data-id=\"318b680\" data-element_type=\"section\">\n\t\t\t\t\t\t<div class=\"elementor-container elementor-column-gap-default\">\n\t\t\t\t\t<div class=\"elementor-column elementor-col-100 elementor-top-column elementor-element elementor-element-20e480a\" data-id=\"20e480a\" data-element_type=\"column\">\n\t\t\t<div class=\"elementor-widget-wrap elementor-element-populated\">\n\t\t\t\t\t\t<div class=\"elementor-element elementor-element-fee7a3f elementor-widget elementor-widget-heading\" data-id=\"fee7a3f\" data-element_type=\"widget\" data-widget_type=\"heading.default\">\n\t\t\t\t<div class=\"elementor-widget-container\">\n\t\t\t<h2 class=\"elementor-heading-title elementor-size-default\">Pol\u00edticas de privacidad <\/h2>\t\t<\/div>\n\t\t\t\t<\/div>\n\t\t\t\t<div class=\"elementor-element elementor-element-a623484 elementor-widget elementor-widget-text-editor\" data-id=\"a623484\" data-element_type=\"widget\" data-widget_type=\"text-editor.default\">\n\t\t\t\t<div class=\"elementor-widget-container\">\n\t\t\t\t\t\t\t<p><strong>. Introducci\u00f3n<\/strong><\/p><p>En [Nombre de la Empresa] (en adelante, \u00abla Empresa\u00bb), nos comprometemos a proteger la privacidad de nuestros usuarios y clientes. Esta pol\u00edtica de privacidad detalla c\u00f3mo recopilamos, utilizamos y protegemos la informaci\u00f3n personal que nos proporcionas a trav\u00e9s de nuestro sitio web, conforme a lo establecido en el Reglamento General de Protecci\u00f3n de Datos (Reglamento (UE) 2016\/679) y la Ley Org\u00e1nica 3\/2018 de Protecci\u00f3n de Datos Personales y Garant\u00eda de los Derechos Digitales (LOPDGDD).<\/p><p><strong>2. Responsable del tratamiento de los datos<\/strong><\/p><ul><li><strong>Identidad<\/strong>: [Nombre de la Empresa]<\/li><li><strong>NIF\/CIF<\/strong>: [N\u00famero de identificaci\u00f3n]<\/li><li><strong>Direcci\u00f3n<\/strong>: [Direcci\u00f3n f\u00edsica de la empresa]<\/li><li><strong>Correo electr\u00f3nico<\/strong>: [Correo electr\u00f3nico de contacto]<\/li><li><strong>Tel\u00e9fono<\/strong>: [N\u00famero de tel\u00e9fono]<\/li><\/ul><p><strong>3. Datos que recopilamos<\/strong><\/p><p>Recopilamos diferentes tipos de informaci\u00f3n personal a trav\u00e9s de nuestro sitio web, que puede incluir:<\/p><ul><li><strong>Datos identificativos<\/strong>: nombre, apellidos, n\u00famero de identificaci\u00f3n, etc.<\/li><li><strong>Datos de contacto<\/strong>: direcci\u00f3n de correo electr\u00f3nico, n\u00famero de tel\u00e9fono, direcci\u00f3n postal.<\/li><li><strong>Datos financieros<\/strong>: detalles de tarjetas de pago y\/o cuentas bancarias para realizar pagos.<\/li><li><strong>Datos t\u00e9cnicos<\/strong>: direcci\u00f3n IP, informaci\u00f3n del navegador y dispositivos utilizados para acceder al sitio web.<\/li><li><strong>Datos de navegaci\u00f3n<\/strong>: comportamiento de navegaci\u00f3n en nuestra p\u00e1gina web, como p\u00e1ginas visitadas, clics realizados, etc.<\/li><\/ul><p><strong>4. Finalidad del tratamiento de los datos<\/strong><\/p><p>Utilizamos los datos que recopilamos con las siguientes finalidades:<\/p><ul><li><strong>Gesti\u00f3n de pedidos y servicios<\/strong>: para procesar y entregar los productos y servicios que solicitas.<\/li><li><strong>Comunicaciones comerciales<\/strong>: para enviarte informaci\u00f3n sobre ofertas, promociones y noticias relacionadas con nuestros productos y servicios (si has dado tu consentimiento).<\/li><li><strong>Mejora del servicio<\/strong>: para optimizar la experiencia del usuario y mejorar la calidad de nuestros productos y servicios.<\/li><li><strong>Cumplimiento legal<\/strong>: para cumplir con nuestras obligaciones legales en materia fiscal, comercial y de protecci\u00f3n de datos.<\/li><\/ul><p><strong>5. Legitimaci\u00f3n para el tratamiento de los datos<\/strong><\/p><p>El tratamiento de tus datos personales se basa en los siguientes fundamentos legales:<\/p><ul><li><strong>Ejecuci\u00f3n de un contrato<\/strong>: el tratamiento es necesario para la ejecuci\u00f3n de un contrato de compra o servicio.<\/li><li><strong>Consentimiento<\/strong>: al marcar la casilla correspondiente, nos otorgas tu consentimiento expreso para tratar tus datos personales con las finalidades descritas anteriormente.<\/li><li><strong>Cumplimiento de una obligaci\u00f3n legal<\/strong>: en caso de que sea necesario para cumplir con una obligaci\u00f3n legal aplicable.<\/li><\/ul><p><strong>6. Destinatarios de los datos<\/strong><\/p><p>No vendemos, alquilamos ni compartimos tus datos personales con terceros, salvo en los siguientes casos:<\/p><ul><li><strong>Proveedores de servicios<\/strong>: podemos compartir tus datos con proveedores de servicios de terceros (p. ej., empresas de log\u00edstica, plataformas de pago) que nos ayudan a realizar nuestra actividad comercial.<\/li><li><strong>Obligaciones legales<\/strong>: en caso de que sea necesario para cumplir con una obligaci\u00f3n legal o responder a requerimientos judiciales o administrativos.<\/li><\/ul><p><strong>7. Transferencias internacionales de datos<\/strong><\/p><p>En caso de que transfiramos tus datos a pa\u00edses fuera del Espacio Econ\u00f3mico Europeo (EEE), garantizamos que se aplicar\u00e1n las medidas adecuadas de protecci\u00f3n, de conformidad con la normativa vigente.<\/p><p><strong>8. Plazo de conservaci\u00f3n de los datos<\/strong><\/p><p>Conservamos tus datos personales durante el tiempo que sea necesario para cumplir con las finalidades para las cuales fueron recopilados. Posteriormente, los datos ser\u00e1n bloqueados y conservados durante el plazo de prescripci\u00f3n legal para hacer frente a posibles responsabilidades legales.<\/p><p><strong>9. Derechos del usuario<\/strong><\/p><p>Como titular de tus datos personales, tienes derecho a:<\/p><ul><li><strong>Acceder<\/strong> a tus datos personales.<\/li><li><strong>Rectificar<\/strong> cualquier informaci\u00f3n incorrecta o desactualizada.<\/li><li><strong>Suprimir<\/strong> tus datos cuando ya no sean necesarios para los fines para los cuales fueron recopilados.<\/li><li><strong>Oponerte<\/strong> al tratamiento de tus datos en determinadas circunstancias.<\/li><li><strong>Limitar<\/strong> el tratamiento de tus datos en casos espec\u00edficos.<\/li><li><strong>Portar<\/strong> tus datos a otro responsable, cuando sea t\u00e9cnicamente posible.<\/li><\/ul><p>Puedes ejercer tus derechos enviando una solicitud por escrito a la direcci\u00f3n de correo electr\u00f3nico [Correo Electr\u00f3nico de Contacto] o a la direcci\u00f3n postal indicada en el apartado 2 de esta pol\u00edtica.<\/p><p><strong>10. Seguridad de los datos<\/strong><\/p><p>Nos comprometemos a proteger tus datos personales adoptando las medidas t\u00e9cnicas y organizativas necesarias para garantizar su seguridad y evitar su alteraci\u00f3n, p\u00e9rdida, tratamiento o acceso no autorizado.<\/p><p><strong>11. Cambios en la pol\u00edtica de privacidad<\/strong><\/p><p>Nos reservamos el derecho a modificar esta pol\u00edtica de privacidad en cualquier momento, de acuerdo con la legislaci\u00f3n aplicable. Cualquier cambio ser\u00e1 debidamente publicado en esta p\u00e1gina.<\/p><p><strong>12. Contacto<\/strong><\/p><p>Si tienes alguna pregunta o inquietud relacionada con esta pol\u00edtica de privacidad o con el tratamiento de tus datos personales, puedes contactarnos a trav\u00e9s del correo electr\u00f3nico [Correo Electr\u00f3nico de Contacto] o del n\u00famero de tel\u00e9fono [N\u00famero de Tel\u00e9fono de Contacto].<\/p>\t\t\t\t\t\t<\/div>\n\t\t\t\t<\/div>\n\t\t\t\t\t<\/div>\n\t\t<\/div>\n\t\t\t\t\t<\/div>\n\t\t<\/section>\n\t\t\t\t<\/div>","protected":false},"excerpt":{"rendered":"<p>Pol\u00edticas de privacidad . Introducci\u00f3n En [Nombre de la Empresa] (en adelante, \u00abla Empresa\u00bb), nos comprometemos a proteger la privacidad de nuestros usuarios y clientes. Esta pol\u00edtica de privacidad detalla c\u00f3mo recopilamos, utilizamos y protegemos la informaci\u00f3n personal que nos proporcionas a trav\u00e9s de nuestro sitio web, conforme a lo establecido en el Reglamento General [&hellip;]<\/p>","protected":false},"author":3,"featured_media":0,"parent":0,"menu_order":0,"comment_status":"closed","ping_status":"closed","template":"","meta":{"footnotes":""},"class_list":["post-1803","page","type-page","status-publish","hentry"],"yoast_head":"<!-- This site is optimized with the Yoast SEO plugin v24.2 - https:\/\/yoast.com\/wordpress\/plugins\/seo\/ -->\n<title>Politicas de privacidad - El Le\u00f1ador de Cuenca<\/title>\n<meta name=\"robots\" content=\"index, follow, max-snippet:-1, max-image-preview:large, max-video-preview:-1\" \/>\n<link rel=\"canonical\" href=\"https:\/\/ellenadordecuenca.es\/en\/politicas-de-privacidad\/\" \/>\n<meta property=\"og:locale\" content=\"en_US\" \/>\n<meta property=\"og:type\" content=\"article\" \/>\n<meta property=\"og:title\" content=\"Politicas de privacidad - El Le\u00f1ador de Cuenca\" \/>\n<meta property=\"og:description\" content=\"Pol\u00edticas de privacidad . Introducci\u00f3n En [Nombre de la Empresa] (en adelante, \u00abla Empresa\u00bb), nos comprometemos a proteger la privacidad de nuestros usuarios y clientes. Esta pol\u00edtica de privacidad detalla c\u00f3mo recopilamos, utilizamos y protegemos la informaci\u00f3n personal que nos proporcionas a trav\u00e9s de nuestro sitio web, conforme a lo establecido en el Reglamento General [&hellip;]\" \/>\n<meta property=\"og:url\" content=\"https:\/\/ellenadordecuenca.es\/en\/politicas-de-privacidad\/\" \/>\n<meta property=\"og:site_name\" content=\"El Le\u00f1ador de Cuenca\" \/>\n<meta property=\"article:modified_time\" content=\"2024-10-06T09:49:16+00:00\" \/>\n<meta property=\"og:image\" content=\"https:\/\/ellenadordecuenca.es\/wp-content\/uploads\/2023\/07\/sin-t195173tulo-3.webp\" \/>\n\t<meta property=\"og:image:width\" content=\"336\" \/>\n\t<meta property=\"og:image:height\" content=\"284\" \/>\n\t<meta property=\"og:image:type\" content=\"image\/webp\" \/>\n<meta name=\"twitter:card\" content=\"summary_large_image\" \/>\n<meta name=\"twitter:label1\" content=\"Est. reading time\" \/>\n\t<meta name=\"twitter:data1\" content=\"4 minutes\" \/>\n<script type=\"application\/ld+json\" class=\"yoast-schema-graph\">{\"@context\":\"https:\/\/schema.org\",\"@graph\":[{\"@type\":\"WebPage\",\"@id\":\"https:\/\/ellenadordecuenca.es\/politicas-de-privacidad\/\",\"url\":\"https:\/\/ellenadordecuenca.es\/politicas-de-privacidad\/\",\"name\":\"Politicas de privacidad - El Le\u00f1ador de Cuenca\",\"isPartOf\":{\"@id\":\"https:\/\/ellenadordecuenca.es\/#website\"},\"datePublished\":\"2024-10-06T09:45:59+00:00\",\"dateModified\":\"2024-10-06T09:49:16+00:00\",\"breadcrumb\":{\"@id\":\"https:\/\/ellenadordecuenca.es\/politicas-de-privacidad\/#breadcrumb\"},\"inLanguage\":\"en-US\",\"potentialAction\":[{\"@type\":\"ReadAction\",\"target\":[\"https:\/\/ellenadordecuenca.es\/politicas-de-privacidad\/\"]}]},{\"@type\":\"BreadcrumbList\",\"@id\":\"https:\/\/ellenadordecuenca.es\/politicas-de-privacidad\/#breadcrumb\",\"itemListElement\":[{\"@type\":\"ListItem\",\"position\":1,\"name\":\"Inicio\",\"item\":\"https:\/\/ellenadordecuenca.es\/\"},{\"@type\":\"ListItem\",\"position\":2,\"name\":\"Politicas de privacidad\"}]},{\"@type\":\"WebSite\",\"@id\":\"https:\/\/ellenadordecuenca.es\/#website\",\"url\":\"https:\/\/ellenadordecuenca.es\/\",\"name\":\"El le\u00f1ador de cuenca\",\"description\":\"Venta de Le\u00f1a Cuenca, Castilla La Mancha y Resto de Comunidades,\",\"publisher\":{\"@id\":\"https:\/\/ellenadordecuenca.es\/#organization\"},\"alternateName\":\"venta de le\u00f1a en Cuenca\",\"potentialAction\":[{\"@type\":\"SearchAction\",\"target\":{\"@type\":\"EntryPoint\",\"urlTemplate\":\"https:\/\/ellenadordecuenca.es\/?s={search_term_string}\"},\"query-input\":{\"@type\":\"PropertyValueSpecification\",\"valueRequired\":true,\"valueName\":\"search_term_string\"}}],\"inLanguage\":\"en-US\"},{\"@type\":\"Organization\",\"@id\":\"https:\/\/ellenadordecuenca.es\/#organization\",\"name\":\"El Le\u00f1ador de Cuenca\",\"alternateName\":\"El le\u00f1ador de Cuenca\",\"url\":\"https:\/\/ellenadordecuenca.es\/\",\"logo\":{\"@type\":\"ImageObject\",\"inLanguage\":\"en-US\",\"@id\":\"https:\/\/ellenadordecuenca.es\/#\/schema\/logo\/image\/\",\"url\":\"https:\/\/ellenadordecuenca.es\/wp-content\/uploads\/2023\/07\/sin-t195173tulo-3.webp\",\"contentUrl\":\"https:\/\/ellenadordecuenca.es\/wp-content\/uploads\/2023\/07\/sin-t195173tulo-3.webp\",\"width\":336,\"height\":284,\"caption\":\"El Le\u00f1ador de Cuenca\"},\"image\":{\"@id\":\"https:\/\/ellenadordecuenca.es\/#\/schema\/logo\/image\/\"}}]}<\/script>\n<!-- \/ Yoast SEO plugin. -->","yoast_head_json":{"title":"Politicas de privacidad - El Le\u00f1ador de Cuenca","robots":{"index":"index","follow":"follow","max-snippet":"max-snippet:-1","max-image-preview":"max-image-preview:large","max-video-preview":"max-video-preview:-1"},"canonical":"https:\/\/ellenadordecuenca.es\/en\/politicas-de-privacidad\/","og_locale":"en_US","og_type":"article","og_title":"Politicas de privacidad - El Le\u00f1ador de Cuenca","og_description":"Pol\u00edticas de privacidad . Introducci\u00f3n En [Nombre de la Empresa] (en adelante, \u00abla Empresa\u00bb), nos comprometemos a proteger la privacidad de nuestros usuarios y clientes. Esta pol\u00edtica de privacidad detalla c\u00f3mo recopilamos, utilizamos y protegemos la informaci\u00f3n personal que nos proporcionas a trav\u00e9s de nuestro sitio web, conforme a lo establecido en el Reglamento General [&hellip;]","og_url":"https:\/\/ellenadordecuenca.es\/en\/politicas-de-privacidad\/","og_site_name":"El Le\u00f1ador de Cuenca","article_modified_time":"2024-10-06T09:49:16+00:00","og_image":[{"width":336,"height":284,"url":"https:\/\/ellenadordecuenca.es\/wp-content\/uploads\/2023\/07\/sin-t195173tulo-3.webp","type":"image\/webp"}],"twitter_card":"summary_large_image","twitter_misc":{"Est. reading time":"4 minutes"},"schema":{"@context":"https:\/\/schema.org","@graph":[{"@type":"WebPage","@id":"https:\/\/ellenadordecuenca.es\/politicas-de-privacidad\/","url":"https:\/\/ellenadordecuenca.es\/politicas-de-privacidad\/","name":"Politicas de privacidad - El Le\u00f1ador de Cuenca","isPartOf":{"@id":"https:\/\/ellenadordecuenca.es\/#website"},"datePublished":"2024-10-06T09:45:59+00:00","dateModified":"2024-10-06T09:49:16+00:00","breadcrumb":{"@id":"https:\/\/ellenadordecuenca.es\/politicas-de-privacidad\/#breadcrumb"},"inLanguage":"en-US","potentialAction":[{"@type":"ReadAction","target":["https:\/\/ellenadordecuenca.es\/politicas-de-privacidad\/"]}]},{"@type":"BreadcrumbList","@id":"https:\/\/ellenadordecuenca.es\/politicas-de-privacidad\/#breadcrumb","itemListElement":[{"@type":"ListItem","position":1,"name":"Inicio","item":"https:\/\/ellenadordecuenca.es\/"},{"@type":"ListItem","position":2,"name":"Politicas de privacidad"}]},{"@type":"WebSite","@id":"https:\/\/ellenadordecuenca.es\/#website","url":"https:\/\/ellenadordecuenca.es\/","name":"El le\u00f1ador de cuenca","description":"Venta de Le\u00f1a Cuenca, Castilla La Mancha y Resto de Comunidades,","publisher":{"@id":"https:\/\/ellenadordecuenca.es\/#organization"},"alternateName":"venta de le\u00f1a en Cuenca","potentialAction":[{"@type":"SearchAction","target":{"@type":"EntryPoint","urlTemplate":"https:\/\/ellenadordecuenca.es\/?s={search_term_string}"},"query-input":{"@type":"PropertyValueSpecification","valueRequired":true,"valueName":"search_term_string"}}],"inLanguage":"en-US"},{"@type":"Organization","@id":"https:\/\/ellenadordecuenca.es\/#organization","name":"El Le\u00f1ador de Cuenca","alternateName":"El le\u00f1ador de Cuenca","url":"https:\/\/ellenadordecuenca.es\/","logo":{"@type":"ImageObject","inLanguage":"en-US","@id":"https:\/\/ellenadordecuenca.es\/#\/schema\/logo\/image\/","url":"https:\/\/ellenadordecuenca.es\/wp-content\/uploads\/2023\/07\/sin-t195173tulo-3.webp","contentUrl":"https:\/\/ellenadordecuenca.es\/wp-content\/uploads\/2023\/07\/sin-t195173tulo-3.webp","width":336,"height":284,"caption":"El Le\u00f1ador de Cuenca"},"image":{"@id":"https:\/\/ellenadordecuenca.es\/#\/schema\/logo\/image\/"}}]}},"_links":{"self":[{"href":"https:\/\/ellenadordecuenca.es\/en\/wp-json\/wp\/v2\/pages\/1803","targetHints":{"allow":["GET"]}}],"collection":[{"href":"https:\/\/ellenadordecuenca.es\/en\/wp-json\/wp\/v2\/pages"}],"about":[{"href":"https:\/\/ellenadordecuenca.es\/en\/wp-json\/wp\/v2\/types\/page"}],"author":[{"embeddable":true,"href":"https:\/\/ellenadordecuenca.es\/en\/wp-json\/wp\/v2\/users\/3"}],"replies":[{"embeddable":true,"href":"https:\/\/ellenadordecuenca.es\/en\/wp-json\/wp\/v2\/comments?post=1803"}],"version-history":[{"count":4,"href":"https:\/\/ellenadordecuenca.es\/en\/wp-json\/wp\/v2\/pages\/1803\/revisions"}],"predecessor-version":[{"id":1808,"href":"https:\/\/ellenadordecuenca.es\/en\/wp-json\/wp\/v2\/pages\/1803\/revisions\/1808"}],"wp:attachment":[{"href":"https:\/\/ellenadordecuenca.es\/en\/wp-json\/wp\/v2\/media?parent=1803"}],"curies":[{"name":"wp","href":"https:\/\/api.w.org\/{rel}","templated":true}]}}