{"id":917,"date":"2023-08-05T22:42:38","date_gmt":"2023-08-05T21:42:38","guid":{"rendered":"https:\/\/ellenadordecuenca.es\/?post_type=product&#038;p=917"},"modified":"2024-10-04T01:02:20","modified_gmt":"2024-10-04T00:02:20","slug":"venta-lena-de-roble","status":"publish","type":"page","link":"https:\/\/ellenadordecuenca.es\/en\/venta-lena-de-roble\/","title":{"rendered":"Oak firewood sale"},"content":{"rendered":"<div data-elementor-type=\"wp-page\" data-elementor-id=\"917\" class=\"elementor elementor-917\" data-elementor-post-type=\"page\">\n\t\t\t\t\t\t<section class=\"elementor-section elementor-top-section elementor-element elementor-element-018c372 elementor-section-full_width elementor-section-height-min-height elementor-section-stretched elementor-section-height-default elementor-section-items-middle wpr-particle-no wpr-jarallax-no wpr-parallax-no wpr-sticky-section-no\" data-id=\"018c372\" data-element_type=\"section\" data-settings=\"{&quot;stretch_section&quot;:&quot;section-stretched&quot;}\">\n\t\t\t\t\t\t\t<div class=\"elementor-background-overlay\"><\/div>\n\t\t\t\t\t\t\t<div class=\"elementor-container elementor-column-gap-no\">\n\t\t\t\t\t<div class=\"elementor-column elementor-col-100 elementor-top-column elementor-element elementor-element-7d8036d\" data-id=\"7d8036d\" data-element_type=\"column\">\n\t\t\t<div class=\"elementor-widget-wrap elementor-element-populated\">\n\t\t\t\t\t\t<div class=\"elementor-element elementor-element-c2fbe6b elementor-widget elementor-widget-elementskit-heading\" data-id=\"c2fbe6b\" data-element_type=\"widget\" data-widget_type=\"elementskit-heading.default\">\n\t\t\t\t<div class=\"elementor-widget-container\">\n\t\t\t<div class=\"ekit-wid-con\" ><div class=\"ekit-heading elementskit-section-title-wraper text_center   ekit_heading_tablet-   ekit_heading_mobile-\"><h1 class=\"ekit-heading--title elementskit-section-title\">Sale of firewood <span><span>Roble<\/span><\/span> in Cuenca<\/h1><div class=\"ekit_heading_separetor_wraper ekit_heading_elementskit-border-divider\"><div class=\"elementskit-border-divider\"><\/div><\/div><\/div><\/div>\t\t<\/div>\n\t\t\t\t<\/div>\n\t\t\t\t\t<\/div>\n\t\t<\/div>\n\t\t\t\t\t<\/div>\n\t\t<\/section>\n\t\t\t\t<section class=\"elementor-section elementor-top-section elementor-element elementor-element-929bf06 elementor-section-stretched elementor-section-boxed elementor-section-height-default elementor-section-height-default wpr-particle-no wpr-jarallax-no wpr-parallax-no wpr-sticky-section-no\" data-id=\"929bf06\" data-element_type=\"section\" data-settings=\"{&quot;stretch_section&quot;:&quot;section-stretched&quot;}\">\n\t\t\t\t\t\t<div class=\"elementor-container elementor-column-gap-default\">\n\t\t\t\t\t<div class=\"elementor-column elementor-col-100 elementor-top-column elementor-element elementor-element-3257302\" data-id=\"3257302\" data-element_type=\"column\">\n\t\t\t<div class=\"elementor-widget-wrap elementor-element-populated\">\n\t\t\t\t\t\t<div class=\"elementor-element elementor-element-a377c4f elementor-widget elementor-widget-spacer\" data-id=\"a377c4f\" data-element_type=\"widget\" data-widget_type=\"spacer.default\">\n\t\t\t\t<div class=\"elementor-widget-container\">\n\t\t\t\t\t<div class=\"elementor-spacer\">\n\t\t\t<div class=\"elementor-spacer-inner\"><\/div>\n\t\t<\/div>\n\t\t\t\t<\/div>\n\t\t\t\t<\/div>\n\t\t\t\t<div class=\"elementor-element elementor-element-a301052 elementor-widget elementor-widget-shortcode\" data-id=\"a301052\" data-element_type=\"widget\" data-widget_type=\"shortcode.default\">\n\t\t\t\t<div class=\"elementor-widget-container\">\n\t\t\t\t\t<div class=\"elementor-shortcode\">\t\t<div class=\"breadcrumbs-anywhere\">\n\t\t\t\t\t<\/div>\n\t<\/div>\n\t\t\t\t<\/div>\n\t\t\t\t<\/div>\n\t\t\t\t<div class=\"elementor-element elementor-element-a06be99 elementor-widget elementor-widget-text-editor\" data-id=\"a06be99\" data-element_type=\"widget\" data-widget_type=\"text-editor.default\">\n\t\t\t\t<div class=\"elementor-widget-container\">\n\t\t\t\t\t\t\t<h2>Oak firewood in basin<\/h2><p>If you are looking for an exceptional option to heat your home during the cold months, oak firewood is the perfect choice. With its high calorific value and guaranteed quality, oak firewood has become a favorite for many homes.<\/p><h2>\u00a0<\/h2><h2>Benefits of using oak firewood<\/h2><h3>1. High heating value and durability<\/h3><p>Oak is known for its high calorific value, meaning it produces a large amount of heat when burned. In addition, its density and composition ensure a slow and uniform combustion, providing long-lasting and constant heat in your home.<\/p><h2>\u00a0<\/h2><h3>2. Long-lasting Oak Firewood<\/h3><p>Oak firewood stands out for its durability, making it ideal for maintaining a warm environment for long periods of time. With less firewood, you can enjoy comforting heat in your home throughout the winter season.<\/p><h2>\u00a0<\/h2><h3>3. Low moisture content<\/h3><p>Our oak firewood is well dried, making it more efficient and easier to light. A low moisture content in firewood ensures clean combustion and reduces the production of smoke and waste.<\/p><h2>\u00a0<\/h2><h3>4. Versatility in its use Oak Firewood<\/h3><p>In addition to being an excellent choice for fireplaces and stoves, oak is versatile in its use. You can use it for grilling and other outdoor cooking devices, adding a delicious smoky flavor to your food.<\/p><h2>\u00a0<\/h2><h3>Tips for buying and storing<\/h3><ol><li>Make sure you purchase firewood from reliable suppliers that guarantee its quality and origin.<\/li><li>Store firewood in a dry, well-ventilated place to maintain low humidity and heating efficiency.<\/li><li>Before using it, check that it is dry and ready for optimal performance.<\/li><\/ol><h2>\u00a0<\/h2><h3>Enjoy the warmth and quality of oak in your home<\/h3><p>In short, oak firewood is a superior option for heating your home efficiently and long-lasting. Its high calorific value, long life and versatility in use make it the preferred choice for many homes.<\/p><p>Don't wait any longer to enjoy the benefits of oak in your home. Place your order now and experience the comfort and quality that this exceptional wood can provide in the heating of your home in Cuenca! Trust us to provide you with the best firewood and guarantee the heat your home needs on the coldest days. We are waiting for you with quality products and exceptional service!<\/p>\t\t\t\t\t\t<\/div>\n\t\t\t\t<\/div>\n\t\t\t\t<div class=\"elementor-element elementor-element-15b25d4 elementor-widget elementor-widget-spacer\" data-id=\"15b25d4\" data-element_type=\"widget\" data-widget_type=\"spacer.default\">\n\t\t\t\t<div class=\"elementor-widget-container\">\n\t\t\t\t\t<div class=\"elementor-spacer\">\n\t\t\t<div class=\"elementor-spacer-inner\"><\/div>\n\t\t<\/div>\n\t\t\t\t<\/div>\n\t\t\t\t<\/div>\n\t\t\t\t<div class=\"elementor-element elementor-element-87e8bf3 elementor-widget elementor-widget-button\" data-id=\"87e8bf3\" data-element_type=\"widget\" data-widget_type=\"button.default\">\n\t\t\t\t<div class=\"elementor-widget-container\">\n\t\t\t\t\t\t\t<div class=\"elementor-button-wrapper\">\n\t\t\t\t\t<a class=\"elementor-button elementor-button-link elementor-size-xl\" href=\"#elementor-action:action=popup:open&settings=eyJpZCI6Ijg5OSIsInRvZ2dsZSI6ZmFsc2V9\">\n\t\t\t\t\t\t<span class=\"elementor-button-content-wrapper\">\n\t\t\t\t\t\t<span class=\"elementor-button-icon\">\n\t\t\t\t<i aria-hidden=\"true\" class=\"far fa-clipboard\"><\/i>\t\t\t<\/span>\n\t\t\t\t\t\t\t\t\t<span class=\"elementor-button-text\">Quote<\/span>\n\t\t\t\t\t<\/span>\n\t\t\t\t\t<\/a>\n\t\t\t\t<\/div>\n\t\t\t\t\t\t<\/div>\n\t\t\t\t<\/div>\n\t\t\t\t<div class=\"elementor-element elementor-element-abd1275 elementor-widget elementor-widget-spacer\" data-id=\"abd1275\" data-element_type=\"widget\" data-widget_type=\"spacer.default\">\n\t\t\t\t<div class=\"elementor-widget-container\">\n\t\t\t\t\t<div class=\"elementor-spacer\">\n\t\t\t<div class=\"elementor-spacer-inner\"><\/div>\n\t\t<\/div>\n\t\t\t\t<\/div>\n\t\t\t\t<\/div>\n\t\t\t\t\t<\/div>\n\t\t<\/div>\n\t\t\t\t\t<\/div>\n\t\t<\/section>\n\t\t\t\t<\/div>","protected":false},"excerpt":{"rendered":"<p>If you are looking for an exceptional option to heat your home during the cold months, oak firewood is the perfect choice. With its high calorific value and guaranteed quality, oak firewood has become a favorite for many homes.<\/p>","protected":false},"author":3,"featured_media":0,"parent":0,"menu_order":0,"comment_status":"closed","ping_status":"closed","template":"elementor_header_footer","meta":{"footnotes":""},"class_list":["post-917","page","type-page","status-publish","hentry"],"yoast_head":"<!-- This site is optimized with the Yoast SEO plugin v24.2 - https:\/\/yoast.com\/wordpress\/plugins\/seo\/ -->\n<title>Venta le\u00f1a de Roble - El Le\u00f1ador de Cuenca<\/title>\n<meta name=\"description\" content=\"La Le\u00f1a de Roble es conocida por su alto poder calor\u00edfico, lo que significa que produce una gran cantidad de calor cuando se quema.\" \/>\n<meta name=\"robots\" content=\"index, follow, max-snippet:-1, max-image-preview:large, max-video-preview:-1\" \/>\n<link rel=\"canonical\" href=\"https:\/\/ellenadordecuenca.es\/en\/venta-lena-de-roble\/\" \/>\n<meta property=\"og:locale\" content=\"en_US\" \/>\n<meta property=\"og:type\" content=\"article\" \/>\n<meta property=\"og:title\" content=\"Venta le\u00f1a de Roble - El Le\u00f1ador de Cuenca\" \/>\n<meta property=\"og:description\" content=\"La Le\u00f1a de Roble es conocida por su alto poder calor\u00edfico, lo que significa que produce una gran cantidad de calor cuando se quema.\" \/>\n<meta property=\"og:url\" content=\"https:\/\/ellenadordecuenca.es\/en\/venta-lena-de-roble\/\" \/>\n<meta property=\"og:site_name\" content=\"El Le\u00f1ador de Cuenca\" \/>\n<meta property=\"article:modified_time\" content=\"2024-10-04T00:02:20+00:00\" \/>\n<meta property=\"og:image\" content=\"https:\/\/ellenadordecuenca.es\/wp-content\/uploads\/2023\/07\/sin-t195173tulo-3.webp\" \/>\n\t<meta property=\"og:image:width\" content=\"336\" \/>\n\t<meta property=\"og:image:height\" content=\"284\" \/>\n\t<meta property=\"og:image:type\" content=\"image\/webp\" \/>\n<meta name=\"twitter:card\" content=\"summary_large_image\" \/>\n<meta name=\"twitter:label1\" content=\"Est. reading time\" \/>\n\t<meta name=\"twitter:data1\" content=\"2 minutes\" \/>\n<script type=\"application\/ld+json\" class=\"yoast-schema-graph\">{\"@context\":\"https:\/\/schema.org\",\"@graph\":[{\"@type\":\"WebPage\",\"@id\":\"https:\/\/ellenadordecuenca.es\/venta-lena-de-roble\/\",\"url\":\"https:\/\/ellenadordecuenca.es\/venta-lena-de-roble\/\",\"name\":\"Venta le\u00f1a de Roble - El Le\u00f1ador de Cuenca\",\"isPartOf\":{\"@id\":\"https:\/\/ellenadordecuenca.es\/#website\"},\"datePublished\":\"2023-08-05T21:42:38+00:00\",\"dateModified\":\"2024-10-04T00:02:20+00:00\",\"description\":\"La Le\u00f1a de Roble es conocida por su alto poder calor\u00edfico, lo que significa que produce una gran cantidad de calor cuando se quema.\",\"breadcrumb\":{\"@id\":\"https:\/\/ellenadordecuenca.es\/venta-lena-de-roble\/#breadcrumb\"},\"inLanguage\":\"en-US\",\"potentialAction\":[{\"@type\":\"ReadAction\",\"target\":[\"https:\/\/ellenadordecuenca.es\/venta-lena-de-roble\/\"]}]},{\"@type\":\"BreadcrumbList\",\"@id\":\"https:\/\/ellenadordecuenca.es\/venta-lena-de-roble\/#breadcrumb\",\"itemListElement\":[{\"@type\":\"ListItem\",\"position\":1,\"name\":\"Inicio\",\"item\":\"https:\/\/ellenadordecuenca.es\/\"},{\"@type\":\"ListItem\",\"position\":2,\"name\":\"Venta le\u00f1a de Roble\"}]},{\"@type\":\"WebSite\",\"@id\":\"https:\/\/ellenadordecuenca.es\/#website\",\"url\":\"https:\/\/ellenadordecuenca.es\/\",\"name\":\"El le\u00f1ador de cuenca\",\"description\":\"Venta de Le\u00f1a Cuenca, Castilla La Mancha y Resto de Comunidades,\",\"publisher\":{\"@id\":\"https:\/\/ellenadordecuenca.es\/#organization\"},\"alternateName\":\"venta de le\u00f1a en Cuenca\",\"potentialAction\":[{\"@type\":\"SearchAction\",\"target\":{\"@type\":\"EntryPoint\",\"urlTemplate\":\"https:\/\/ellenadordecuenca.es\/?s={search_term_string}\"},\"query-input\":{\"@type\":\"PropertyValueSpecification\",\"valueRequired\":true,\"valueName\":\"search_term_string\"}}],\"inLanguage\":\"en-US\"},{\"@type\":\"Organization\",\"@id\":\"https:\/\/ellenadordecuenca.es\/#organization\",\"name\":\"El Le\u00f1ador de Cuenca\",\"alternateName\":\"El le\u00f1ador de Cuenca\",\"url\":\"https:\/\/ellenadordecuenca.es\/\",\"logo\":{\"@type\":\"ImageObject\",\"inLanguage\":\"en-US\",\"@id\":\"https:\/\/ellenadordecuenca.es\/#\/schema\/logo\/image\/\",\"url\":\"https:\/\/ellenadordecuenca.es\/wp-content\/uploads\/2023\/07\/sin-t195173tulo-3.webp\",\"contentUrl\":\"https:\/\/ellenadordecuenca.es\/wp-content\/uploads\/2023\/07\/sin-t195173tulo-3.webp\",\"width\":336,\"height\":284,\"caption\":\"El Le\u00f1ador de Cuenca\"},\"image\":{\"@id\":\"https:\/\/ellenadordecuenca.es\/#\/schema\/logo\/image\/\"}}]}<\/script>\n<!-- \/ Yoast SEO plugin. -->","yoast_head_json":{"title":"Venta le\u00f1a de Roble - El Le\u00f1ador de Cuenca","description":"La Le\u00f1a de Roble es conocida por su alto poder calor\u00edfico, lo que significa que produce una gran cantidad de calor cuando se quema.","robots":{"index":"index","follow":"follow","max-snippet":"max-snippet:-1","max-image-preview":"max-image-preview:large","max-video-preview":"max-video-preview:-1"},"canonical":"https:\/\/ellenadordecuenca.es\/en\/venta-lena-de-roble\/","og_locale":"en_US","og_type":"article","og_title":"Venta le\u00f1a de Roble - El Le\u00f1ador de Cuenca","og_description":"La Le\u00f1a de Roble es conocida por su alto poder calor\u00edfico, lo que significa que produce una gran cantidad de calor cuando se quema.","og_url":"https:\/\/ellenadordecuenca.es\/en\/venta-lena-de-roble\/","og_site_name":"El Le\u00f1ador de Cuenca","article_modified_time":"2024-10-04T00:02:20+00:00","og_image":[{"width":336,"height":284,"url":"https:\/\/ellenadordecuenca.es\/wp-content\/uploads\/2023\/07\/sin-t195173tulo-3.webp","type":"image\/webp"}],"twitter_card":"summary_large_image","twitter_misc":{"Est. reading time":"2 minutes"},"schema":{"@context":"https:\/\/schema.org","@graph":[{"@type":"WebPage","@id":"https:\/\/ellenadordecuenca.es\/venta-lena-de-roble\/","url":"https:\/\/ellenadordecuenca.es\/venta-lena-de-roble\/","name":"Venta le\u00f1a de Roble - El Le\u00f1ador de Cuenca","isPartOf":{"@id":"https:\/\/ellenadordecuenca.es\/#website"},"datePublished":"2023-08-05T21:42:38+00:00","dateModified":"2024-10-04T00:02:20+00:00","description":"La Le\u00f1a de Roble es conocida por su alto poder calor\u00edfico, lo que significa que produce una gran cantidad de calor cuando se quema.","breadcrumb":{"@id":"https:\/\/ellenadordecuenca.es\/venta-lena-de-roble\/#breadcrumb"},"inLanguage":"en-US","potentialAction":[{"@type":"ReadAction","target":["https:\/\/ellenadordecuenca.es\/venta-lena-de-roble\/"]}]},{"@type":"BreadcrumbList","@id":"https:\/\/ellenadordecuenca.es\/venta-lena-de-roble\/#breadcrumb","itemListElement":[{"@type":"ListItem","position":1,"name":"Inicio","item":"https:\/\/ellenadordecuenca.es\/"},{"@type":"ListItem","position":2,"name":"Venta le\u00f1a de Roble"}]},{"@type":"WebSite","@id":"https:\/\/ellenadordecuenca.es\/#website","url":"https:\/\/ellenadordecuenca.es\/","name":"El le\u00f1ador de cuenca","description":"Venta de Le\u00f1a Cuenca, Castilla La Mancha y Resto de Comunidades,","publisher":{"@id":"https:\/\/ellenadordecuenca.es\/#organization"},"alternateName":"venta de le\u00f1a en Cuenca","potentialAction":[{"@type":"SearchAction","target":{"@type":"EntryPoint","urlTemplate":"https:\/\/ellenadordecuenca.es\/?s={search_term_string}"},"query-input":{"@type":"PropertyValueSpecification","valueRequired":true,"valueName":"search_term_string"}}],"inLanguage":"en-US"},{"@type":"Organization","@id":"https:\/\/ellenadordecuenca.es\/#organization","name":"El Le\u00f1ador de Cuenca","alternateName":"El le\u00f1ador de Cuenca","url":"https:\/\/ellenadordecuenca.es\/","logo":{"@type":"ImageObject","inLanguage":"en-US","@id":"https:\/\/ellenadordecuenca.es\/#\/schema\/logo\/image\/","url":"https:\/\/ellenadordecuenca.es\/wp-content\/uploads\/2023\/07\/sin-t195173tulo-3.webp","contentUrl":"https:\/\/ellenadordecuenca.es\/wp-content\/uploads\/2023\/07\/sin-t195173tulo-3.webp","width":336,"height":284,"caption":"El Le\u00f1ador de Cuenca"},"image":{"@id":"https:\/\/ellenadordecuenca.es\/#\/schema\/logo\/image\/"}}]}},"_links":{"self":[{"href":"https:\/\/ellenadordecuenca.es\/en\/wp-json\/wp\/v2\/pages\/917","targetHints":{"allow":["GET"]}}],"collection":[{"href":"https:\/\/ellenadordecuenca.es\/en\/wp-json\/wp\/v2\/pages"}],"about":[{"href":"https:\/\/ellenadordecuenca.es\/en\/wp-json\/wp\/v2\/types\/page"}],"author":[{"embeddable":true,"href":"https:\/\/ellenadordecuenca.es\/en\/wp-json\/wp\/v2\/users\/3"}],"replies":[{"embeddable":true,"href":"https:\/\/ellenadordecuenca.es\/en\/wp-json\/wp\/v2\/comments?post=917"}],"version-history":[{"count":13,"href":"https:\/\/ellenadordecuenca.es\/en\/wp-json\/wp\/v2\/pages\/917\/revisions"}],"predecessor-version":[{"id":1794,"href":"https:\/\/ellenadordecuenca.es\/en\/wp-json\/wp\/v2\/pages\/917\/revisions\/1794"}],"wp:attachment":[{"href":"https:\/\/ellenadordecuenca.es\/en\/wp-json\/wp\/v2\/media?parent=917"}],"curies":[{"name":"wp","href":"https:\/\/api.w.org\/{rel}","templated":true}]}}