{"id":937,"date":"2023-08-05T23:03:42","date_gmt":"2023-08-05T22:03:42","guid":{"rendered":"https:\/\/ellenadordecuenca.es\/?post_type=product&#038;p=937"},"modified":"2024-10-04T01:32:48","modified_gmt":"2024-10-04T00:32:48","slug":"venta-lena-de-olivo","status":"publish","type":"page","link":"https:\/\/ellenadordecuenca.es\/en\/venta-lena-de-olivo\/","title":{"rendered":"Olive Firewood Sale"},"content":{"rendered":"<div data-elementor-type=\"wp-page\" data-elementor-id=\"937\" class=\"elementor elementor-937\" data-elementor-post-type=\"page\">\n\t\t\t\t\t\t<section class=\"elementor-section elementor-top-section elementor-element elementor-element-60899c0 elementor-section-full_width elementor-section-height-min-height elementor-section-stretched elementor-section-height-default elementor-section-items-middle wpr-particle-no wpr-jarallax-no wpr-parallax-no wpr-sticky-section-no\" data-id=\"60899c0\" data-element_type=\"section\" data-settings=\"{&quot;stretch_section&quot;:&quot;section-stretched&quot;}\">\n\t\t\t\t\t\t\t<div class=\"elementor-background-overlay\"><\/div>\n\t\t\t\t\t\t\t<div class=\"elementor-container elementor-column-gap-no\">\n\t\t\t\t\t<div class=\"elementor-column elementor-col-100 elementor-top-column elementor-element elementor-element-0c734a1\" data-id=\"0c734a1\" data-element_type=\"column\">\n\t\t\t<div class=\"elementor-widget-wrap elementor-element-populated\">\n\t\t\t\t\t\t<div class=\"elementor-element elementor-element-a04a535 elementor-widget elementor-widget-elementskit-heading\" data-id=\"a04a535\" data-element_type=\"widget\" data-widget_type=\"elementskit-heading.default\">\n\t\t\t\t<div class=\"elementor-widget-container\">\n\t\t\t<div class=\"ekit-wid-con\" ><div class=\"ekit-heading elementskit-section-title-wraper text_center   ekit_heading_tablet-   ekit_heading_mobile-\"><h1 class=\"ekit-heading--title elementskit-section-title\">Sale of firewood <span><span>Olivo<\/span><\/span> in Cuenca<\/h1><div class=\"ekit_heading_separetor_wraper ekit_heading_elementskit-border-divider\"><div class=\"elementskit-border-divider\"><\/div><\/div><\/div><\/div>\t\t<\/div>\n\t\t\t\t<\/div>\n\t\t\t\t\t<\/div>\n\t\t<\/div>\n\t\t\t\t\t<\/div>\n\t\t<\/section>\n\t\t\t\t<section class=\"elementor-section elementor-top-section elementor-element elementor-element-2abffdf elementor-section-boxed elementor-section-height-default elementor-section-height-default wpr-particle-no wpr-jarallax-no wpr-parallax-no wpr-sticky-section-no\" data-id=\"2abffdf\" data-element_type=\"section\">\n\t\t\t\t\t\t<div class=\"elementor-container elementor-column-gap-default\">\n\t\t\t\t\t<div class=\"elementor-column elementor-col-100 elementor-top-column elementor-element elementor-element-44c54bd\" data-id=\"44c54bd\" data-element_type=\"column\">\n\t\t\t<div class=\"elementor-widget-wrap elementor-element-populated\">\n\t\t\t\t\t\t<div class=\"elementor-element elementor-element-7debf15 elementor-widget elementor-widget-shortcode\" data-id=\"7debf15\" data-element_type=\"widget\" data-widget_type=\"shortcode.default\">\n\t\t\t\t<div class=\"elementor-widget-container\">\n\t\t\t\t\t<div class=\"elementor-shortcode\">\t\t<div class=\"breadcrumbs-anywhere\">\n\t\t\t\t\t<\/div>\n\t<\/div>\n\t\t\t\t<\/div>\n\t\t\t\t<\/div>\n\t\t\t\t\t<\/div>\n\t\t<\/div>\n\t\t\t\t\t<\/div>\n\t\t<\/section>\n\t\t\t\t<section class=\"elementor-section elementor-top-section elementor-element elementor-element-807360f elementor-section-boxed elementor-section-height-default elementor-section-height-default wpr-particle-no wpr-jarallax-no wpr-parallax-no wpr-sticky-section-no\" data-id=\"807360f\" data-element_type=\"section\">\n\t\t\t\t\t\t<div class=\"elementor-container elementor-column-gap-default\">\n\t\t\t\t\t<div class=\"elementor-column elementor-col-100 elementor-top-column elementor-element elementor-element-6dfc493\" data-id=\"6dfc493\" data-element_type=\"column\">\n\t\t\t<div class=\"elementor-widget-wrap elementor-element-populated\">\n\t\t\t\t\t\t<div class=\"elementor-element elementor-element-885b310 elementor-widget elementor-widget-spacer\" data-id=\"885b310\" data-element_type=\"widget\" data-widget_type=\"spacer.default\">\n\t\t\t\t<div class=\"elementor-widget-container\">\n\t\t\t\t\t<div class=\"elementor-spacer\">\n\t\t\t<div class=\"elementor-spacer-inner\"><\/div>\n\t\t<\/div>\n\t\t\t\t<\/div>\n\t\t\t\t<\/div>\n\t\t\t\t\t<\/div>\n\t\t<\/div>\n\t\t\t\t\t<\/div>\n\t\t<\/section>\n\t\t\t\t<section class=\"elementor-section elementor-top-section elementor-element elementor-element-7e41c12e elementor-section-boxed elementor-section-height-default elementor-section-height-default wpr-particle-no wpr-jarallax-no wpr-parallax-no wpr-sticky-section-no\" data-id=\"7e41c12e\" data-element_type=\"section\">\n\t\t\t\t\t\t<div class=\"elementor-container elementor-column-gap-default\">\n\t\t\t\t\t<div class=\"elementor-column elementor-col-100 elementor-top-column elementor-element elementor-element-2c704c98\" data-id=\"2c704c98\" data-element_type=\"column\">\n\t\t\t<div class=\"elementor-widget-wrap elementor-element-populated\">\n\t\t\t\t\t\t<div class=\"elementor-element elementor-element-1d28debe elementor-widget elementor-widget-text-editor\" data-id=\"1d28debe\" data-element_type=\"widget\" data-widget_type=\"text-editor.default\">\n\t\t\t\t<div class=\"elementor-widget-container\">\n\t\t\t\t\t\t\t<h2>A Perfect Firewood for Continuous Flames and a Spectacular Aroma.<\/h2><p>Olive firewood is a very hard wood that may require more effort to light compared to oak or holm oak. However, unlike the oak, it does not produce many embers and its combustion is characterized by having a constant flame. If you are looking to enjoy continuous flames, you have found the perfect firewood! In addition, the aroma of olive or oil that is released when burning is simply spectacular.<\/p><p>At \u00c9l Le\u00f1ador de Cuenca, we are proud to offer you the highest quality olive firewood. We know you appreciate the warmth and beauty of flames in your home, and that's why we've carefully selected this unique wood to provide you with an exceptional heating experience.<\/p><h2>\u00a0<\/h2><h2>Olive Wood with Continuous and Lasting Flames<\/h2><p>Olive wood burns with a constant and long-lasting flame, allowing you to enjoy a fire that lasts longer. If you want to create a cozy and relaxing atmosphere in your home, our olive wood is the ideal option. Forget about having to constantly rekindle the fire, with our firewood you can enjoy the warmth without interruptions.<\/p><h2>\u00a0<\/h2><h2>Olive Tree an Intoxicating Aroma<\/h2><p>El olivo tiene un aroma caracter\u00edstico que se intensifica cuando se quema. El perfume que se libera al encender nuestra le\u00f1a es simplemente espectacular. El olor a olivo o aceite llenar\u00e1 tu espacio con una fragancia natural y reconfortante, brind\u00e1ndote una experiencia sensorial \u00fanica mientras te relajas frente al fuego.<\/p><h2>\u00a0<\/h2><h2>Sostenibilidad y Calidad<\/h2><p>At \u00c9l Le\u00f1ador de Cuenca, we are committed to the environment and the quality of our products. Our firewood comes from sustainable sources and is carefully processed to ensure it is dry and ready for use. In this way, we ensure optimal performance and a pleasant heating experience.<\/p><h2>\u00a0<\/h2><h2>Enjoy Olive Firewood in Your Home<\/h2><p>If you want to enjoy the continuous flames and the exceptional aroma of the olive tree, do not hesitate to choose our firewood. At \u00c9l Le\u00f1ador de Cuenca, we are ready to serve you and offer you the best firewood in the region. Enjoy a cozy fire and relaxing atmosphere with our quality firewood. Place your order now and discover the charm of the olive tree in your home!<\/p>\t\t\t\t\t\t<\/div>\n\t\t\t\t<\/div>\n\t\t\t\t<div class=\"elementor-element elementor-element-f59474e elementor-widget elementor-widget-spacer\" data-id=\"f59474e\" data-element_type=\"widget\" data-widget_type=\"spacer.default\">\n\t\t\t\t<div class=\"elementor-widget-container\">\n\t\t\t\t\t<div class=\"elementor-spacer\">\n\t\t\t<div class=\"elementor-spacer-inner\"><\/div>\n\t\t<\/div>\n\t\t\t\t<\/div>\n\t\t\t\t<\/div>\n\t\t\t\t<div class=\"elementor-element elementor-element-2941e44 elementor-widget elementor-widget-button\" data-id=\"2941e44\" data-element_type=\"widget\" data-widget_type=\"button.default\">\n\t\t\t\t<div class=\"elementor-widget-container\">\n\t\t\t\t\t\t\t<div class=\"elementor-button-wrapper\">\n\t\t\t\t\t<a class=\"elementor-button elementor-button-link elementor-size-xl\" href=\"#elementor-action:action=popup:open&settings=eyJpZCI6Ijg5OSIsInRvZ2dsZSI6ZmFsc2V9\">\n\t\t\t\t\t\t<span class=\"elementor-button-content-wrapper\">\n\t\t\t\t\t\t<span class=\"elementor-button-icon\">\n\t\t\t\t<i aria-hidden=\"true\" class=\"far fa-clipboard\"><\/i>\t\t\t<\/span>\n\t\t\t\t\t\t\t\t\t<span class=\"elementor-button-text\">Quote<\/span>\n\t\t\t\t\t<\/span>\n\t\t\t\t\t<\/a>\n\t\t\t\t<\/div>\n\t\t\t\t\t\t<\/div>\n\t\t\t\t<\/div>\n\t\t\t\t<div class=\"elementor-element elementor-element-e4aea53 elementor-widget elementor-widget-spacer\" data-id=\"e4aea53\" data-element_type=\"widget\" data-widget_type=\"spacer.default\">\n\t\t\t\t<div class=\"elementor-widget-container\">\n\t\t\t\t\t<div class=\"elementor-spacer\">\n\t\t\t<div class=\"elementor-spacer-inner\"><\/div>\n\t\t<\/div>\n\t\t\t\t<\/div>\n\t\t\t\t<\/div>\n\t\t\t\t\t<\/div>\n\t\t<\/div>\n\t\t\t\t\t<\/div>\n\t\t<\/section>\n\t\t\t\t<\/div>","protected":false},"excerpt":{"rendered":"<h1>Una Le\u00f1a Perfecta para Llamas Continuas<\/h1>\n<p>El olivo es una madera muy dura que puede requerir m\u00e1s esfuerzo para encender en comparaci\u00f3n con el roble o la encina. Sin embargo, a diferencia de la encina, no produce muchas brasas y su combusti\u00f3n se caracteriza por tener una llama constante.<\/p>","protected":false},"author":3,"featured_media":548,"parent":0,"menu_order":0,"comment_status":"open","ping_status":"closed","template":"elementor_header_footer","meta":{"footnotes":""},"class_list":["post-937","page","type-page","status-publish","has-post-thumbnail","hentry"],"yoast_head":"<!-- This site is optimized with the Yoast SEO plugin v24.2 - https:\/\/yoast.com\/wordpress\/plugins\/seo\/ -->\n<title>Venta Le\u00f1a de Olivo - El Le\u00f1ador de Cuenca<\/title>\n<meta name=\"description\" content=\"No esperes m\u00e1s para asegurar el bienestar de tu familia durante el invierno con la le\u00f1a de Olivo. \u00a1Haz tu pedido hoy mismo!\" \/>\n<meta name=\"robots\" content=\"index, follow, max-snippet:-1, max-image-preview:large, max-video-preview:-1\" \/>\n<link rel=\"canonical\" href=\"https:\/\/ellenadordecuenca.es\/en\/venta-lena-de-olivo\/\" \/>\n<meta property=\"og:locale\" content=\"en_US\" \/>\n<meta property=\"og:type\" content=\"article\" \/>\n<meta property=\"og:title\" content=\"Venta Le\u00f1a de Olivo - El Le\u00f1ador de Cuenca\" \/>\n<meta property=\"og:description\" content=\"No esperes m\u00e1s para asegurar el bienestar de tu familia durante el invierno con la le\u00f1a de Olivo. \u00a1Haz tu pedido hoy mismo!\" \/>\n<meta property=\"og:url\" content=\"https:\/\/ellenadordecuenca.es\/en\/venta-lena-de-olivo\/\" \/>\n<meta property=\"og:site_name\" content=\"El Le\u00f1ador de Cuenca\" \/>\n<meta property=\"article:modified_time\" content=\"2024-10-04T00:32:48+00:00\" \/>\n<meta property=\"og:image\" content=\"https:\/\/ellenadordecuenca.es\/wp-content\/uploads\/2023\/07\/Banner-Lena-de-Olivo.webp\" \/>\n\t<meta property=\"og:image:width\" content=\"1000\" \/>\n\t<meta property=\"og:image:height\" content=\"1000\" \/>\n\t<meta property=\"og:image:type\" content=\"image\/webp\" \/>\n<meta name=\"twitter:card\" content=\"summary_large_image\" \/>\n<meta name=\"twitter:label1\" content=\"Est. reading time\" \/>\n\t<meta name=\"twitter:data1\" content=\"2 minutes\" \/>\n<script type=\"application\/ld+json\" class=\"yoast-schema-graph\">{\"@context\":\"https:\/\/schema.org\",\"@graph\":[{\"@type\":\"WebPage\",\"@id\":\"https:\/\/ellenadordecuenca.es\/venta-lena-de-olivo\/\",\"url\":\"https:\/\/ellenadordecuenca.es\/venta-lena-de-olivo\/\",\"name\":\"Venta Le\u00f1a de Olivo - El Le\u00f1ador de Cuenca\",\"isPartOf\":{\"@id\":\"https:\/\/ellenadordecuenca.es\/#website\"},\"primaryImageOfPage\":{\"@id\":\"https:\/\/ellenadordecuenca.es\/venta-lena-de-olivo\/#primaryimage\"},\"image\":{\"@id\":\"https:\/\/ellenadordecuenca.es\/venta-lena-de-olivo\/#primaryimage\"},\"thumbnailUrl\":\"https:\/\/ellenadordecuenca.es\/wp-content\/uploads\/2023\/07\/Banner-Lena-de-Olivo.webp\",\"datePublished\":\"2023-08-05T22:03:42+00:00\",\"dateModified\":\"2024-10-04T00:32:48+00:00\",\"description\":\"No esperes m\u00e1s para asegurar el bienestar de tu familia durante el invierno con la le\u00f1a de Olivo. \u00a1Haz tu pedido hoy mismo!\",\"breadcrumb\":{\"@id\":\"https:\/\/ellenadordecuenca.es\/venta-lena-de-olivo\/#breadcrumb\"},\"inLanguage\":\"en-US\",\"potentialAction\":[{\"@type\":\"ReadAction\",\"target\":[\"https:\/\/ellenadordecuenca.es\/venta-lena-de-olivo\/\"]}]},{\"@type\":\"ImageObject\",\"inLanguage\":\"en-US\",\"@id\":\"https:\/\/ellenadordecuenca.es\/venta-lena-de-olivo\/#primaryimage\",\"url\":\"https:\/\/ellenadordecuenca.es\/wp-content\/uploads\/2023\/07\/Banner-Lena-de-Olivo.webp\",\"contentUrl\":\"https:\/\/ellenadordecuenca.es\/wp-content\/uploads\/2023\/07\/Banner-Lena-de-Olivo.webp\",\"width\":1000,\"height\":1000,\"caption\":\"Le\u00f1a de olivo\"},{\"@type\":\"BreadcrumbList\",\"@id\":\"https:\/\/ellenadordecuenca.es\/venta-lena-de-olivo\/#breadcrumb\",\"itemListElement\":[{\"@type\":\"ListItem\",\"position\":1,\"name\":\"Inicio\",\"item\":\"https:\/\/ellenadordecuenca.es\/\"},{\"@type\":\"ListItem\",\"position\":2,\"name\":\"Venta Le\u00f1a de Olivo\"}]},{\"@type\":\"WebSite\",\"@id\":\"https:\/\/ellenadordecuenca.es\/#website\",\"url\":\"https:\/\/ellenadordecuenca.es\/\",\"name\":\"El le\u00f1ador de cuenca\",\"description\":\"Venta de Le\u00f1a Cuenca, Castilla La Mancha y Resto de Comunidades,\",\"publisher\":{\"@id\":\"https:\/\/ellenadordecuenca.es\/#organization\"},\"alternateName\":\"venta de le\u00f1a en Cuenca\",\"potentialAction\":[{\"@type\":\"SearchAction\",\"target\":{\"@type\":\"EntryPoint\",\"urlTemplate\":\"https:\/\/ellenadordecuenca.es\/?s={search_term_string}\"},\"query-input\":{\"@type\":\"PropertyValueSpecification\",\"valueRequired\":true,\"valueName\":\"search_term_string\"}}],\"inLanguage\":\"en-US\"},{\"@type\":\"Organization\",\"@id\":\"https:\/\/ellenadordecuenca.es\/#organization\",\"name\":\"El Le\u00f1ador de Cuenca\",\"alternateName\":\"El le\u00f1ador de Cuenca\",\"url\":\"https:\/\/ellenadordecuenca.es\/\",\"logo\":{\"@type\":\"ImageObject\",\"inLanguage\":\"en-US\",\"@id\":\"https:\/\/ellenadordecuenca.es\/#\/schema\/logo\/image\/\",\"url\":\"https:\/\/ellenadordecuenca.es\/wp-content\/uploads\/2023\/07\/sin-t195173tulo-3.webp\",\"contentUrl\":\"https:\/\/ellenadordecuenca.es\/wp-content\/uploads\/2023\/07\/sin-t195173tulo-3.webp\",\"width\":336,\"height\":284,\"caption\":\"El Le\u00f1ador de Cuenca\"},\"image\":{\"@id\":\"https:\/\/ellenadordecuenca.es\/#\/schema\/logo\/image\/\"}}]}<\/script>\n<!-- \/ Yoast SEO plugin. -->","yoast_head_json":{"title":"Venta Le\u00f1a de Olivo - El Le\u00f1ador de Cuenca","description":"No esperes m\u00e1s para asegurar el bienestar de tu familia durante el invierno con la le\u00f1a de Olivo. \u00a1Haz tu pedido hoy mismo!","robots":{"index":"index","follow":"follow","max-snippet":"max-snippet:-1","max-image-preview":"max-image-preview:large","max-video-preview":"max-video-preview:-1"},"canonical":"https:\/\/ellenadordecuenca.es\/en\/venta-lena-de-olivo\/","og_locale":"en_US","og_type":"article","og_title":"Venta Le\u00f1a de Olivo - El Le\u00f1ador de Cuenca","og_description":"No esperes m\u00e1s para asegurar el bienestar de tu familia durante el invierno con la le\u00f1a de Olivo. \u00a1Haz tu pedido hoy mismo!","og_url":"https:\/\/ellenadordecuenca.es\/en\/venta-lena-de-olivo\/","og_site_name":"El Le\u00f1ador de Cuenca","article_modified_time":"2024-10-04T00:32:48+00:00","og_image":[{"width":1000,"height":1000,"url":"https:\/\/ellenadordecuenca.es\/wp-content\/uploads\/2023\/07\/Banner-Lena-de-Olivo.webp","type":"image\/webp"}],"twitter_card":"summary_large_image","twitter_misc":{"Est. reading time":"2 minutes"},"schema":{"@context":"https:\/\/schema.org","@graph":[{"@type":"WebPage","@id":"https:\/\/ellenadordecuenca.es\/venta-lena-de-olivo\/","url":"https:\/\/ellenadordecuenca.es\/venta-lena-de-olivo\/","name":"Venta Le\u00f1a de Olivo - El Le\u00f1ador de Cuenca","isPartOf":{"@id":"https:\/\/ellenadordecuenca.es\/#website"},"primaryImageOfPage":{"@id":"https:\/\/ellenadordecuenca.es\/venta-lena-de-olivo\/#primaryimage"},"image":{"@id":"https:\/\/ellenadordecuenca.es\/venta-lena-de-olivo\/#primaryimage"},"thumbnailUrl":"https:\/\/ellenadordecuenca.es\/wp-content\/uploads\/2023\/07\/Banner-Lena-de-Olivo.webp","datePublished":"2023-08-05T22:03:42+00:00","dateModified":"2024-10-04T00:32:48+00:00","description":"No esperes m\u00e1s para asegurar el bienestar de tu familia durante el invierno con la le\u00f1a de Olivo. \u00a1Haz tu pedido hoy mismo!","breadcrumb":{"@id":"https:\/\/ellenadordecuenca.es\/venta-lena-de-olivo\/#breadcrumb"},"inLanguage":"en-US","potentialAction":[{"@type":"ReadAction","target":["https:\/\/ellenadordecuenca.es\/venta-lena-de-olivo\/"]}]},{"@type":"ImageObject","inLanguage":"en-US","@id":"https:\/\/ellenadordecuenca.es\/venta-lena-de-olivo\/#primaryimage","url":"https:\/\/ellenadordecuenca.es\/wp-content\/uploads\/2023\/07\/Banner-Lena-de-Olivo.webp","contentUrl":"https:\/\/ellenadordecuenca.es\/wp-content\/uploads\/2023\/07\/Banner-Lena-de-Olivo.webp","width":1000,"height":1000,"caption":"Le\u00f1a de olivo"},{"@type":"BreadcrumbList","@id":"https:\/\/ellenadordecuenca.es\/venta-lena-de-olivo\/#breadcrumb","itemListElement":[{"@type":"ListItem","position":1,"name":"Inicio","item":"https:\/\/ellenadordecuenca.es\/"},{"@type":"ListItem","position":2,"name":"Venta Le\u00f1a de Olivo"}]},{"@type":"WebSite","@id":"https:\/\/ellenadordecuenca.es\/#website","url":"https:\/\/ellenadordecuenca.es\/","name":"El le\u00f1ador de cuenca","description":"Venta de Le\u00f1a Cuenca, Castilla La Mancha y Resto de Comunidades,","publisher":{"@id":"https:\/\/ellenadordecuenca.es\/#organization"},"alternateName":"venta de le\u00f1a en Cuenca","potentialAction":[{"@type":"SearchAction","target":{"@type":"EntryPoint","urlTemplate":"https:\/\/ellenadordecuenca.es\/?s={search_term_string}"},"query-input":{"@type":"PropertyValueSpecification","valueRequired":true,"valueName":"search_term_string"}}],"inLanguage":"en-US"},{"@type":"Organization","@id":"https:\/\/ellenadordecuenca.es\/#organization","name":"El Le\u00f1ador de Cuenca","alternateName":"El le\u00f1ador de Cuenca","url":"https:\/\/ellenadordecuenca.es\/","logo":{"@type":"ImageObject","inLanguage":"en-US","@id":"https:\/\/ellenadordecuenca.es\/#\/schema\/logo\/image\/","url":"https:\/\/ellenadordecuenca.es\/wp-content\/uploads\/2023\/07\/sin-t195173tulo-3.webp","contentUrl":"https:\/\/ellenadordecuenca.es\/wp-content\/uploads\/2023\/07\/sin-t195173tulo-3.webp","width":336,"height":284,"caption":"El Le\u00f1ador de Cuenca"},"image":{"@id":"https:\/\/ellenadordecuenca.es\/#\/schema\/logo\/image\/"}}]}},"_links":{"self":[{"href":"https:\/\/ellenadordecuenca.es\/en\/wp-json\/wp\/v2\/pages\/937","targetHints":{"allow":["GET"]}}],"collection":[{"href":"https:\/\/ellenadordecuenca.es\/en\/wp-json\/wp\/v2\/pages"}],"about":[{"href":"https:\/\/ellenadordecuenca.es\/en\/wp-json\/wp\/v2\/types\/page"}],"author":[{"embeddable":true,"href":"https:\/\/ellenadordecuenca.es\/en\/wp-json\/wp\/v2\/users\/3"}],"replies":[{"embeddable":true,"href":"https:\/\/ellenadordecuenca.es\/en\/wp-json\/wp\/v2\/comments?post=937"}],"version-history":[{"count":7,"href":"https:\/\/ellenadordecuenca.es\/en\/wp-json\/wp\/v2\/pages\/937\/revisions"}],"predecessor-version":[{"id":1798,"href":"https:\/\/ellenadordecuenca.es\/en\/wp-json\/wp\/v2\/pages\/937\/revisions\/1798"}],"wp:featuredmedia":[{"embeddable":true,"href":"https:\/\/ellenadordecuenca.es\/en\/wp-json\/wp\/v2\/media\/548"}],"wp:attachment":[{"href":"https:\/\/ellenadordecuenca.es\/en\/wp-json\/wp\/v2\/media?parent=937"}],"curies":[{"name":"wp","href":"https:\/\/api.w.org\/{rel}","templated":true}]}}