{"id":988,"date":"2023-08-05T23:56:55","date_gmt":"2023-08-05T22:56:55","guid":{"rendered":"https:\/\/ellenadordecuenca.es\/?post_type=product&#038;p=988"},"modified":"2024-04-22T12:09:51","modified_gmt":"2024-04-22T11:09:51","slug":"venta-lena-de-pino","status":"publish","type":"page","link":"https:\/\/ellenadordecuenca.es\/en\/venta-lena-de-pino\/","title":{"rendered":"Pine firewood sale"},"content":{"rendered":"<div data-elementor-type=\"wp-page\" data-elementor-id=\"988\" class=\"elementor elementor-988\" data-elementor-post-type=\"page\">\n\t\t\t\t\t\t<section class=\"elementor-section elementor-top-section elementor-element elementor-element-5ebf764 elementor-section-full_width elementor-section-height-min-height elementor-section-stretched elementor-section-height-default elementor-section-items-middle wpr-particle-no wpr-jarallax-no wpr-parallax-no wpr-sticky-section-no\" data-id=\"5ebf764\" data-element_type=\"section\" data-settings=\"{&quot;stretch_section&quot;:&quot;section-stretched&quot;}\">\n\t\t\t\t\t\t\t<div class=\"elementor-background-overlay\"><\/div>\n\t\t\t\t\t\t\t<div class=\"elementor-container elementor-column-gap-no\">\n\t\t\t\t\t<div class=\"elementor-column elementor-col-100 elementor-top-column elementor-element elementor-element-5e0ffc5\" data-id=\"5e0ffc5\" data-element_type=\"column\">\n\t\t\t<div class=\"elementor-widget-wrap elementor-element-populated\">\n\t\t\t\t\t\t<div class=\"elementor-element elementor-element-6110dc8 elementor-widget elementor-widget-elementskit-heading\" data-id=\"6110dc8\" data-element_type=\"widget\" data-widget_type=\"elementskit-heading.default\">\n\t\t\t\t<div class=\"elementor-widget-container\">\n\t\t\t<div class=\"ekit-wid-con\" ><div class=\"ekit-heading elementskit-section-title-wraper text_center   ekit_heading_tablet-   ekit_heading_mobile-\"><h1 class=\"ekit-heading--title elementskit-section-title\">Sale of firewood <span><span>Pino<\/span><\/span> in Cuenca<\/h1><div class=\"ekit_heading_separetor_wraper ekit_heading_elementskit-border-divider\"><div class=\"elementskit-border-divider\"><\/div><\/div><\/div><\/div>\t\t<\/div>\n\t\t\t\t<\/div>\n\t\t\t\t\t<\/div>\n\t\t<\/div>\n\t\t\t\t\t<\/div>\n\t\t<\/section>\n\t\t\t\t<section class=\"elementor-section elementor-top-section elementor-element elementor-element-3d6840b elementor-section-boxed elementor-section-height-default elementor-section-height-default wpr-particle-no wpr-jarallax-no wpr-parallax-no wpr-sticky-section-no\" data-id=\"3d6840b\" data-element_type=\"section\">\n\t\t\t\t\t\t<div class=\"elementor-container elementor-column-gap-default\">\n\t\t\t\t\t<div class=\"elementor-column elementor-col-100 elementor-top-column elementor-element elementor-element-c375209\" data-id=\"c375209\" data-element_type=\"column\">\n\t\t\t<div class=\"elementor-widget-wrap elementor-element-populated\">\n\t\t\t\t\t\t<div class=\"elementor-element elementor-element-ebff705 elementor-widget elementor-widget-spacer\" data-id=\"ebff705\" data-element_type=\"widget\" data-widget_type=\"spacer.default\">\n\t\t\t\t<div class=\"elementor-widget-container\">\n\t\t\t\t\t<div class=\"elementor-spacer\">\n\t\t\t<div class=\"elementor-spacer-inner\"><\/div>\n\t\t<\/div>\n\t\t\t\t<\/div>\n\t\t\t\t<\/div>\n\t\t\t\t<div class=\"elementor-element elementor-element-218424b elementor-widget elementor-widget-shortcode\" data-id=\"218424b\" data-element_type=\"widget\" data-widget_type=\"shortcode.default\">\n\t\t\t\t<div class=\"elementor-widget-container\">\n\t\t\t\t\t<div class=\"elementor-shortcode\">\t\t<div class=\"breadcrumbs-anywhere\">\n\t\t\t\t\t<\/div>\n\t<\/div>\n\t\t\t\t<\/div>\n\t\t\t\t<\/div>\n\t\t\t\t\t<\/div>\n\t\t<\/div>\n\t\t\t\t\t<\/div>\n\t\t<\/section>\n\t\t\t\t<section class=\"elementor-section elementor-top-section elementor-element elementor-element-6fb17797 elementor-section-boxed elementor-section-height-default elementor-section-height-default wpr-particle-no wpr-jarallax-no wpr-parallax-no wpr-sticky-section-no\" data-id=\"6fb17797\" data-element_type=\"section\">\n\t\t\t\t\t\t<div class=\"elementor-container elementor-column-gap-default\">\n\t\t\t\t\t<div class=\"elementor-column elementor-col-100 elementor-top-column elementor-element elementor-element-2dd42b54\" data-id=\"2dd42b54\" data-element_type=\"column\">\n\t\t\t<div class=\"elementor-widget-wrap elementor-element-populated\">\n\t\t\t\t\t\t<div class=\"elementor-element elementor-element-19507171 elementor-widget elementor-widget-text-editor\" data-id=\"19507171\" data-element_type=\"widget\" data-widget_type=\"text-editor.default\">\n\t\t\t\t<div class=\"elementor-widget-container\">\n\t\t\t\t\t\t\t<h1><strong>Heat and Comfort for your Home<\/strong><\/h1><p>\u00a0<\/p><p>At \u00c9l Le\u00f1ador de Cuenca, we are pleased to offer you the best firewood in the region. Our firewood is the perfect choice to provide you with warmth and comfort in your home during cold days. With its unique characteristics and easy burning, we are sure you will love having our pine logs in your fireplace or stove.<\/p><p>\u00a0<\/p><h2>Pine Firewood Instant and Efficient Heat<\/h2><p>\u00a0<\/p><p>Pine is a fast-burning wood, meaning it provides heat almost immediately. When you light our pine log, you will feel how the environment heats up quickly, creating a cozy and comforting feeling in your home. If you are looking for an efficient heat source ready to heat your space in a short time, pine wood is the ideal option.<\/p><p>\u00a0<\/p><h2>Fresh and Natural Aroma Pine Wood<\/h2><p>\u00a0<\/p><p>One of the highlights of our pine firewood is its fresh and natural aroma. When burned, it releases a characteristic perfume that evokes pine forests, providing a unique olfactory experience. The aroma of pine will fill your home with a refreshing and relaxing fragrance, turning your space into a pleasant and welcoming place.<\/p><h2>\u00a0<\/h2><h2>Perfect for Moments of Relaxation<\/h2><p>\u00a0<\/p><p>Pine firewood is ideal for those moments when you want to relax in front of the fire. Its constant combustion and enveloping aroma will allow you to enjoy moments of tranquility and well-being. Whether alone or in the company of your loved ones, our pine firewood will create the perfect environment to rest and enjoy the warmth of home.<\/p><h2>\u00a0<\/h2><h2>Sustainability and Guaranteed Quality<\/h2><p>\u00a0<\/p><p>At \u00c9l Le\u00f1ador de Cuenca, we care about the sustainability and quality of our products. Our firewood comes from responsible sources, ensuring you get the highest quality product. We work carefully to offer you dry and ready-to-use firewood, giving you a pleasant and efficient heating experience.<\/p><h2>\u00a0<\/h2><h2>Place Your Order Now<\/h2><p>\u00a0<\/p><p>If you want to enjoy heat and comfort in your home, don't wait any longer and place your order for firewood at \u00c9l Le\u00f1ador de Cuenca. We are ready to assist you and provide you with the best service. Take advantage of the benefits of our firewood and discover why it is a popular choice among our customers. Place your order today and enjoy the warmth and beauty of pine in your home!<\/p>\t\t\t\t\t\t<\/div>\n\t\t\t\t<\/div>\n\t\t\t\t<div class=\"elementor-element elementor-element-1e2d4b2 elementor-widget elementor-widget-spacer\" data-id=\"1e2d4b2\" data-element_type=\"widget\" data-widget_type=\"spacer.default\">\n\t\t\t\t<div class=\"elementor-widget-container\">\n\t\t\t\t\t<div class=\"elementor-spacer\">\n\t\t\t<div class=\"elementor-spacer-inner\"><\/div>\n\t\t<\/div>\n\t\t\t\t<\/div>\n\t\t\t\t<\/div>\n\t\t\t\t<div class=\"elementor-element elementor-element-248b7ad elementor-widget elementor-widget-button\" data-id=\"248b7ad\" data-element_type=\"widget\" data-widget_type=\"button.default\">\n\t\t\t\t<div class=\"elementor-widget-container\">\n\t\t\t\t\t\t\t<div class=\"elementor-button-wrapper\">\n\t\t\t\t\t<a class=\"elementor-button elementor-button-link elementor-size-xl\" href=\"#elementor-action:action=popup:open&settings=eyJpZCI6Ijg5OSIsInRvZ2dsZSI6ZmFsc2V9\">\n\t\t\t\t\t\t<span class=\"elementor-button-content-wrapper\">\n\t\t\t\t\t\t<span class=\"elementor-button-icon\">\n\t\t\t\t<i aria-hidden=\"true\" class=\"far fa-clipboard\"><\/i>\t\t\t<\/span>\n\t\t\t\t\t\t\t\t\t<span class=\"elementor-button-text\">Quote<\/span>\n\t\t\t\t\t<\/span>\n\t\t\t\t\t<\/a>\n\t\t\t\t<\/div>\n\t\t\t\t\t\t<\/div>\n\t\t\t\t<\/div>\n\t\t\t\t<div class=\"elementor-element elementor-element-2398a3f elementor-widget elementor-widget-spacer\" data-id=\"2398a3f\" data-element_type=\"widget\" data-widget_type=\"spacer.default\">\n\t\t\t\t<div class=\"elementor-widget-container\">\n\t\t\t\t\t<div class=\"elementor-spacer\">\n\t\t\t<div class=\"elementor-spacer-inner\"><\/div>\n\t\t<\/div>\n\t\t\t\t<\/div>\n\t\t\t\t<\/div>\n\t\t\t\t\t<\/div>\n\t\t<\/div>\n\t\t\t\t\t<\/div>\n\t\t<\/section>\n\t\t\t\t<\/div>","protected":false},"excerpt":{"rendered":"<p>En \u00c9l Le\u00f1ador de Cuenca, nos complace ofrecerte la mejor le\u00f1a de pino de la regi\u00f3n. Nuestra le\u00f1a de pino es la elecci\u00f3n perfecta para brindarte calor y confort en tu hogar durante los d\u00edas fr\u00edos.<\/p>","protected":false},"author":3,"featured_media":0,"parent":0,"menu_order":0,"comment_status":"open","ping_status":"closed","template":"elementor_header_footer","meta":{"footnotes":""},"class_list":["post-988","page","type-page","status-publish","hentry"],"yoast_head":"<!-- This site is optimized with the Yoast SEO plugin v24.2 - https:\/\/yoast.com\/wordpress\/plugins\/seo\/ -->\n<title>Venta le\u00f1a de Pino - El Le\u00f1ador de Cuenca<\/title>\n<meta name=\"description\" content=\"Le\u00f1a de Pino de Cuenca con caracter\u00edsticas \u00fanicas y su f\u00e1cil combusti\u00f3n, estamos seguros de que te encantar\u00e1 tenerla en tu chimenea o estufa.\" \/>\n<meta name=\"robots\" content=\"index, follow, max-snippet:-1, max-image-preview:large, max-video-preview:-1\" \/>\n<link rel=\"canonical\" href=\"https:\/\/ellenadordecuenca.es\/en\/venta-lena-de-pino\/\" \/>\n<meta property=\"og:locale\" content=\"en_US\" \/>\n<meta property=\"og:type\" content=\"article\" \/>\n<meta property=\"og:title\" content=\"Venta le\u00f1a de Pino - El Le\u00f1ador de Cuenca\" \/>\n<meta property=\"og:description\" content=\"Le\u00f1a de Pino de Cuenca con caracter\u00edsticas \u00fanicas y su f\u00e1cil combusti\u00f3n, estamos seguros de que te encantar\u00e1 tenerla en tu chimenea o estufa.\" \/>\n<meta property=\"og:url\" content=\"https:\/\/ellenadordecuenca.es\/en\/venta-lena-de-pino\/\" \/>\n<meta property=\"og:site_name\" content=\"El Le\u00f1ador de Cuenca\" \/>\n<meta property=\"article:modified_time\" content=\"2024-04-22T11:09:51+00:00\" \/>\n<meta property=\"og:image\" content=\"https:\/\/ellenadordecuenca.es\/wp-content\/uploads\/2023\/07\/sin-t195173tulo-3.webp\" \/>\n\t<meta property=\"og:image:width\" content=\"336\" \/>\n\t<meta property=\"og:image:height\" content=\"284\" \/>\n\t<meta property=\"og:image:type\" content=\"image\/webp\" \/>\n<meta name=\"twitter:card\" content=\"summary_large_image\" \/>\n<meta name=\"twitter:label1\" content=\"Est. reading time\" \/>\n\t<meta name=\"twitter:data1\" content=\"2 minutes\" \/>\n<script type=\"application\/ld+json\" class=\"yoast-schema-graph\">{\"@context\":\"https:\/\/schema.org\",\"@graph\":[{\"@type\":\"WebPage\",\"@id\":\"https:\/\/ellenadordecuenca.es\/venta-lena-de-pino\/\",\"url\":\"https:\/\/ellenadordecuenca.es\/venta-lena-de-pino\/\",\"name\":\"Venta le\u00f1a de Pino - El Le\u00f1ador de Cuenca\",\"isPartOf\":{\"@id\":\"https:\/\/ellenadordecuenca.es\/#website\"},\"datePublished\":\"2023-08-05T22:56:55+00:00\",\"dateModified\":\"2024-04-22T11:09:51+00:00\",\"description\":\"Le\u00f1a de Pino de Cuenca con caracter\u00edsticas \u00fanicas y su f\u00e1cil combusti\u00f3n, estamos seguros de que te encantar\u00e1 tenerla en tu chimenea o estufa.\",\"breadcrumb\":{\"@id\":\"https:\/\/ellenadordecuenca.es\/venta-lena-de-pino\/#breadcrumb\"},\"inLanguage\":\"en-US\",\"potentialAction\":[{\"@type\":\"ReadAction\",\"target\":[\"https:\/\/ellenadordecuenca.es\/venta-lena-de-pino\/\"]}]},{\"@type\":\"BreadcrumbList\",\"@id\":\"https:\/\/ellenadordecuenca.es\/venta-lena-de-pino\/#breadcrumb\",\"itemListElement\":[{\"@type\":\"ListItem\",\"position\":1,\"name\":\"Inicio\",\"item\":\"https:\/\/ellenadordecuenca.es\/\"},{\"@type\":\"ListItem\",\"position\":2,\"name\":\"Venta le\u00f1a de Pino\"}]},{\"@type\":\"WebSite\",\"@id\":\"https:\/\/ellenadordecuenca.es\/#website\",\"url\":\"https:\/\/ellenadordecuenca.es\/\",\"name\":\"El le\u00f1ador de cuenca\",\"description\":\"Venta de Le\u00f1a Cuenca, Castilla La Mancha y Resto de Comunidades,\",\"publisher\":{\"@id\":\"https:\/\/ellenadordecuenca.es\/#organization\"},\"alternateName\":\"venta de le\u00f1a en Cuenca\",\"potentialAction\":[{\"@type\":\"SearchAction\",\"target\":{\"@type\":\"EntryPoint\",\"urlTemplate\":\"https:\/\/ellenadordecuenca.es\/?s={search_term_string}\"},\"query-input\":{\"@type\":\"PropertyValueSpecification\",\"valueRequired\":true,\"valueName\":\"search_term_string\"}}],\"inLanguage\":\"en-US\"},{\"@type\":\"Organization\",\"@id\":\"https:\/\/ellenadordecuenca.es\/#organization\",\"name\":\"El Le\u00f1ador de Cuenca\",\"alternateName\":\"El le\u00f1ador de Cuenca\",\"url\":\"https:\/\/ellenadordecuenca.es\/\",\"logo\":{\"@type\":\"ImageObject\",\"inLanguage\":\"en-US\",\"@id\":\"https:\/\/ellenadordecuenca.es\/#\/schema\/logo\/image\/\",\"url\":\"https:\/\/ellenadordecuenca.es\/wp-content\/uploads\/2023\/07\/sin-t195173tulo-3.webp\",\"contentUrl\":\"https:\/\/ellenadordecuenca.es\/wp-content\/uploads\/2023\/07\/sin-t195173tulo-3.webp\",\"width\":336,\"height\":284,\"caption\":\"El Le\u00f1ador de Cuenca\"},\"image\":{\"@id\":\"https:\/\/ellenadordecuenca.es\/#\/schema\/logo\/image\/\"}}]}<\/script>\n<!-- \/ Yoast SEO plugin. -->","yoast_head_json":{"title":"Venta le\u00f1a de Pino - El Le\u00f1ador de Cuenca","description":"Le\u00f1a de Pino de Cuenca con caracter\u00edsticas \u00fanicas y su f\u00e1cil combusti\u00f3n, estamos seguros de que te encantar\u00e1 tenerla en tu chimenea o estufa.","robots":{"index":"index","follow":"follow","max-snippet":"max-snippet:-1","max-image-preview":"max-image-preview:large","max-video-preview":"max-video-preview:-1"},"canonical":"https:\/\/ellenadordecuenca.es\/en\/venta-lena-de-pino\/","og_locale":"en_US","og_type":"article","og_title":"Venta le\u00f1a de Pino - El Le\u00f1ador de Cuenca","og_description":"Le\u00f1a de Pino de Cuenca con caracter\u00edsticas \u00fanicas y su f\u00e1cil combusti\u00f3n, estamos seguros de que te encantar\u00e1 tenerla en tu chimenea o estufa.","og_url":"https:\/\/ellenadordecuenca.es\/en\/venta-lena-de-pino\/","og_site_name":"El Le\u00f1ador de Cuenca","article_modified_time":"2024-04-22T11:09:51+00:00","og_image":[{"width":336,"height":284,"url":"https:\/\/ellenadordecuenca.es\/wp-content\/uploads\/2023\/07\/sin-t195173tulo-3.webp","type":"image\/webp"}],"twitter_card":"summary_large_image","twitter_misc":{"Est. reading time":"2 minutes"},"schema":{"@context":"https:\/\/schema.org","@graph":[{"@type":"WebPage","@id":"https:\/\/ellenadordecuenca.es\/venta-lena-de-pino\/","url":"https:\/\/ellenadordecuenca.es\/venta-lena-de-pino\/","name":"Venta le\u00f1a de Pino - El Le\u00f1ador de Cuenca","isPartOf":{"@id":"https:\/\/ellenadordecuenca.es\/#website"},"datePublished":"2023-08-05T22:56:55+00:00","dateModified":"2024-04-22T11:09:51+00:00","description":"Le\u00f1a de Pino de Cuenca con caracter\u00edsticas \u00fanicas y su f\u00e1cil combusti\u00f3n, estamos seguros de que te encantar\u00e1 tenerla en tu chimenea o estufa.","breadcrumb":{"@id":"https:\/\/ellenadordecuenca.es\/venta-lena-de-pino\/#breadcrumb"},"inLanguage":"en-US","potentialAction":[{"@type":"ReadAction","target":["https:\/\/ellenadordecuenca.es\/venta-lena-de-pino\/"]}]},{"@type":"BreadcrumbList","@id":"https:\/\/ellenadordecuenca.es\/venta-lena-de-pino\/#breadcrumb","itemListElement":[{"@type":"ListItem","position":1,"name":"Inicio","item":"https:\/\/ellenadordecuenca.es\/"},{"@type":"ListItem","position":2,"name":"Venta le\u00f1a de Pino"}]},{"@type":"WebSite","@id":"https:\/\/ellenadordecuenca.es\/#website","url":"https:\/\/ellenadordecuenca.es\/","name":"El le\u00f1ador de cuenca","description":"Venta de Le\u00f1a Cuenca, Castilla La Mancha y Resto de Comunidades,","publisher":{"@id":"https:\/\/ellenadordecuenca.es\/#organization"},"alternateName":"venta de le\u00f1a en Cuenca","potentialAction":[{"@type":"SearchAction","target":{"@type":"EntryPoint","urlTemplate":"https:\/\/ellenadordecuenca.es\/?s={search_term_string}"},"query-input":{"@type":"PropertyValueSpecification","valueRequired":true,"valueName":"search_term_string"}}],"inLanguage":"en-US"},{"@type":"Organization","@id":"https:\/\/ellenadordecuenca.es\/#organization","name":"El Le\u00f1ador de Cuenca","alternateName":"El le\u00f1ador de Cuenca","url":"https:\/\/ellenadordecuenca.es\/","logo":{"@type":"ImageObject","inLanguage":"en-US","@id":"https:\/\/ellenadordecuenca.es\/#\/schema\/logo\/image\/","url":"https:\/\/ellenadordecuenca.es\/wp-content\/uploads\/2023\/07\/sin-t195173tulo-3.webp","contentUrl":"https:\/\/ellenadordecuenca.es\/wp-content\/uploads\/2023\/07\/sin-t195173tulo-3.webp","width":336,"height":284,"caption":"El Le\u00f1ador de Cuenca"},"image":{"@id":"https:\/\/ellenadordecuenca.es\/#\/schema\/logo\/image\/"}}]}},"_links":{"self":[{"href":"https:\/\/ellenadordecuenca.es\/en\/wp-json\/wp\/v2\/pages\/988","targetHints":{"allow":["GET"]}}],"collection":[{"href":"https:\/\/ellenadordecuenca.es\/en\/wp-json\/wp\/v2\/pages"}],"about":[{"href":"https:\/\/ellenadordecuenca.es\/en\/wp-json\/wp\/v2\/types\/page"}],"author":[{"embeddable":true,"href":"https:\/\/ellenadordecuenca.es\/en\/wp-json\/wp\/v2\/users\/3"}],"replies":[{"embeddable":true,"href":"https:\/\/ellenadordecuenca.es\/en\/wp-json\/wp\/v2\/comments?post=988"}],"version-history":[{"count":10,"href":"https:\/\/ellenadordecuenca.es\/en\/wp-json\/wp\/v2\/pages\/988\/revisions"}],"predecessor-version":[{"id":1764,"href":"https:\/\/ellenadordecuenca.es\/en\/wp-json\/wp\/v2\/pages\/988\/revisions\/1764"}],"wp:attachment":[{"href":"https:\/\/ellenadordecuenca.es\/en\/wp-json\/wp\/v2\/media?parent=988"}],"curies":[{"name":"wp","href":"https:\/\/api.w.org\/{rel}","templated":true}]}}